{"id":716,"date":"2012-03-16T22:37:21","date_gmt":"2012-03-16T21:37:21","guid":{"rendered":"http:\/\/xn--bykadada-65ab.biz\/?page_id=716"},"modified":"2014-05-07T10:40:20","modified_gmt":"2014-05-07T09:40:20","slug":"herkezin-bir-oykusu-vardir","status":"publish","type":"page","link":"https:\/\/xn--bykadada-65ab.biz\/?page_id=716","title":{"rendered":"Herkesin bir \u00f6yk\u00fcs\u00fc vard\u0131r"},"content":{"rendered":"<p><a href=\"http:\/\/xn--zkartal-80a.com\/kitap6\/index.html\"><img decoding=\"async\" loading=\"lazy\" class=\"alignleft size-thumbnail wp-image-719\" title=\"nino\" alt=\"\" src=\"http:\/\/xn--bykadada-65ab.biz\/wp-content\/uploads\/2012\/03\/nino-150x150.jpg\" width=\"150\" height=\"150\" \/><\/a><\/p>\n","protected":false},"excerpt":{"rendered":"","protected":false},"author":1,"featured_media":0,"parent":0,"menu_order":0,"comment_status":"open","ping_status":"closed","template":"","meta":[],"_links":{"self":[{"href":"https:\/\/xn--bykadada-65ab.biz\/index.php?rest_route=\/wp\/v2\/pages\/716"}],"collection":[{"href":"https:\/\/xn--bykadada-65ab.biz\/index.php?rest_route=\/wp\/v2\/pages"}],"about":[{"href":"https:\/\/xn--bykadada-65ab.biz\/index.php?rest_route=\/wp\/v2\/types\/page"}],"author":[{"embeddable":true,"href":"https:\/\/xn--bykadada-65ab.biz\/index.php?rest_route=\/wp\/v2\/users\/1"}],"replies":[{"embeddable":true,"href":"https:\/\/xn--bykadada-65ab.biz\/index.php?rest_route=%2Fwp%2Fv2%2Fcomments&post=716"}],"version-history":[{"count":11,"href":"https:\/\/xn--bykadada-65ab.biz\/index.php?rest_route=\/wp\/v2\/pages\/716\/revisions"}],"predecessor-version":[{"id":721,"href":"https:\/\/xn--bykadada-65ab.biz\/index.php?rest_route=\/wp\/v2\/pages\/716\/revisions\/721"}],"wp:attachment":[{"href":"https:\/\/xn--bykadada-65ab.biz\/index.php?rest_route=%2Fwp%2Fv2%2Fmedia&parent=716"}],"curies":[{"name":"wp","href":"https:\/\/api.w.org\/{rel}","templated":true}]}}